{"id":951,"date":"2023-04-11T18:57:41","date_gmt":"2023-04-11T16:57:41","guid":{"rendered":"https:\/\/233comfort.com\/?page_id=951"},"modified":"2024-11-27T00:31:57","modified_gmt":"2024-11-26T23:31:57","slug":"datenschutz","status":"publish","type":"page","link":"https:\/\/233c.agency\/de\/datenschutz\/","title":{"rendered":"Datenschutz"},"content":{"rendered":"<div class=\"wp-block-columns is-layout-flex wp-container-core-columns-is-layout-28f84493 wp-block-columns-is-layout-flex\">\n<div class=\"wp-block-column is-layout-flow wp-block-column-is-layout-flow\" style=\"padding-top:0;padding-right:0;padding-bottom:0;padding-left:0\">\n<div class=\"wp-block-group is-layout-constrained wp-container-core-group-is-layout-6b715292 wp-block-group-is-layout-constrained\" style=\"padding-top:0;padding-right:0;padding-bottom:0;padding-left:0\">\n<h1 style=\"white-space: nowrap;\">Datenschutz<\/h1>\n<\/div>\n<\/div>\n<\/div>\n\n\n\n<div class=\"wp-block-columns is-layout-flex wp-container-core-columns-is-layout-28f84493 wp-block-columns-is-layout-flex\">\n<div class=\"wp-block-column is-layout-flow wp-block-column-is-layout-flow\">\n<div class=\"wp-block-group is-layout-constrained wp-container-core-group-is-layout-c5bbea69 wp-block-group-is-layout-constrained\">\n<div class=\"wp-block-group is-layout-constrained wp-container-core-group-is-layout-92b9201d wp-block-group-is-layout-constrained\">\n<p>Angaben gem\u00e4\u00df \u00a7 5 TMG<\/p>\n\n\n\n<p class=\"has-medium-font-size\">+233c<\/p>\n\n\n\n<p class=\"has-medium-font-size\">Aaron Amankwaah<\/p>\n\n\n\n<p class=\"has-medium-font-size\">Lindenallee 20<\/p>\n\n\n\n<p class=\"has-medium-font-size\">20259 Hamburg<\/p>\n<\/div>\n\n\n\n<div class=\"wp-block-group is-layout-constrained wp-container-core-group-is-layout-92b9201d wp-block-group-is-layout-constrained\">\n<p>Vertreten durch die Gesch\u00e4ftsf\u00fchrer<\/p>\n\n\n\n<p class=\"has-medium-font-size\">Aaron Amankwaah<\/p>\n<\/div>\n\n\n\n<div class=\"wp-block-group is-layout-constrained wp-container-core-group-is-layout-92b9201d wp-block-group-is-layout-constrained\">\n<p>Kontakt<\/p>\n\n\n\n<p class=\"has-medium-font-size\">Telefon: <a href=\"callto:+4917664229602\">+49 176 64229602<\/a><\/p>\n\n\n\n<p class=\"has-medium-font-size\">E-Mail: <a href=\"mailto:aaron@233comfort.com\">aaron@233comfort.com<\/a><\/p>\n<\/div>\n\n\n\n<div class=\"wp-block-group is-layout-constrained wp-container-core-group-is-layout-92b9201d wp-block-group-is-layout-constrained\">\n<p>Verantwortlich f\u00fcr den Inhalt nach \u00a7 55 Abs. 2 RStV<\/p>\n\n\n\n<p class=\"has-medium-font-size\">+233c<\/p>\n\n\n\n<p class=\"has-medium-font-size\">Aaron Amankwaah<\/p>\n\n\n\n<p class=\"has-medium-font-size\">Lindenallee 20<\/p>\n\n\n\n<p class=\"has-medium-font-size\">20259 Hamburg<\/p>\n\n\n\n<p class=\"has-medium-font-size\"><\/p>\n<\/div>\n<\/div>\n<\/div>\n\n\n\n<div class=\"wp-block-column is-layout-flow wp-block-column-is-layout-flow\">\n<div class=\"wp-block-group is-layout-constrained wp-container-core-group-is-layout-c5bbea69 wp-block-group-is-layout-constrained\">\n<div class=\"wp-block-group is-layout-constrained wp-container-core-group-is-layout-92b9201d wp-block-group-is-layout-constrained\">\n<p><\/p>\n<\/div>\n\n\n\n<div class=\"wp-block-group is-layout-constrained wp-container-core-group-is-layout-92b9201d wp-block-group-is-layout-constrained\">\n<p>Registergericht<\/p>\n\n\n\n<p class=\"has-medium-font-size\">Amtsgericht Hamburg Altona<\/p>\n<\/div>\n\n\n\n<div class=\"wp-block-group is-layout-constrained wp-container-core-group-is-layout-92b9201d wp-block-group-is-layout-constrained\">\n<p>Umsatzsteuer-ID<\/p>\n\n\n\n<p class=\"has-medium-font-size\">Umsatzsteuer-Identifikationsnummer gem\u00e4\u00df \u00a727 a Umsatzsteuergesetz:<\/p>\n\n\n\n<p class=\"has-medium-font-size\">USt-ID: DE336913535<\/p>\n<\/div>\n<\/div>\n<\/div>\n<\/div>\n\n\n\n<div class=\"wp-block-columns is-layout-flex wp-container-core-columns-is-layout-28f84493 wp-block-columns-is-layout-flex\">\n<div class=\"wp-block-column is-layout-flow wp-block-column-is-layout-flow\" style=\"padding-top:0;padding-right:0;padding-bottom:0;padding-left:0\">\n<div class=\"wp-block-group is-layout-constrained wp-container-core-group-is-layout-76b72ade wp-block-group-is-layout-constrained\" style=\"padding-top:0;padding-right:0;padding-bottom:0;padding-left:0\">\n<p>Haftung f\u00fcr Inhalte<\/p>\n\n\n\n<p class=\"has-medium-font-size\">Als Diensteanbieter sind wir gem\u00e4\u00df \u00a7 7 Abs. 1 TMG f\u00fcr eigene Inhalte auf diesen Seiten nach den allgemeinen Gesetzen verantwortlich. Nach \u00a7\u00a7 8 bis 10 TMG sind wir als Diensteanbieter jedoch nicht verpflichtet, \u00fcbermittelte oder gespeicherte fremde Informationen zu \u00fcberwachen oder nach Umst\u00e4nden zu forschen, die auf eine rechtswidrige T\u00e4tigkeit hinweisen. Verpflichtungen zur Entfernung oder Sperrung der Nutzung von Informationen nach den allgemeinen Gesetzen bleiben hiervon unber\u00fchrt. Eine diesbez\u00fcgliche Haftung ist jedoch erst ab dem Zeitpunkt der Kenntnis einer konkreten Rechtsverletzung m\u00f6glich. Bei Bekanntwerden von entsprechenden Rechtsverletzungen werden wir diese Inhalte umgehend entfernen.<\/p>\n<\/div>\n\n\n\n<div class=\"wp-block-group is-layout-constrained wp-container-core-group-is-layout-c6190a5f wp-block-group-is-layout-constrained\" style=\"padding-top:0;padding-right:0;padding-bottom:0;padding-left:0\">\n<p>Haftung f\u00fcr Links<\/p>\n\n\n\n<p class=\"has-medium-font-size\">Unser Angebot enth\u00e4lt Links zu externen Webseiten Dritter, auf deren Inhalte wir keinen Einfluss haben. Deshalb k\u00f6nnen wir f\u00fcr diese fremden Inhalte auch keine Gew\u00e4hr \u00fcbernehmen. F\u00fcr die Inhalte der verlinkten Seiten ist stets der jeweilige Anbieter oder Betreiber der Seiten verantwortlich. Die verlinkten Seiten wurden zum Zeitpunkt der Verlinkung auf m\u00f6gliche Rechtsverst\u00f6\u00dfe \u00fcberpr\u00fcft. Rechtswidrige Inhalte waren zum Zeitpunkt der Verlinkung nicht erkennbar. Eine permanente inhaltliche Kontrolle der verlinkten Seiten ist jedoch ohne konkrete Anhaltspunkte einer Rechtsverletzung nicht zumutbar. Bei Bekanntwerden von Rechtsverletzungen werden wir derartige Links umgehend entfernen.<\/p>\n<\/div>\n\n\n\n<div class=\"wp-block-group is-layout-constrained wp-container-core-group-is-layout-92b9201d wp-block-group-is-layout-constrained\">\n<p>Urheberrecht<\/p>\n\n\n\n<p class=\"has-medium-font-size\">Die durch die Seitenbetreiber erstellten Inhalte und Werke auf diesen Seiten unterliegen dem deutschen Urheberrecht. Die Vervielf\u00e4ltigung, Bearbeitung, Verbreitung und jede Art der Verwertung au\u00dferhalb der Grenzen des Urheberrechtes bed\u00fcrfen der schriftlichen Zustimmung des jeweiligen Autors bzw. Erstellers. Downloads und Kopien dieser Seite sind nur f\u00fcr den privaten, nichtkommerziellen Gebrauch gestattet. Soweit die Inhalte auf dieser Seite nicht vom Betreiber erstellt wurden, werden die Urheberrechte Dritter beachtet. Insbesondere werden Inhalte Dritter als solche gekennzeichnet. Sollten Sie trotzdem auf eine Urheberrechtsverletzung aufmerksam werden, bitten wir um einen entsprechenden Hinweis. Bei Bekanntwerden von Rechtsverletzungen werden wir derartige Inhalte umgehend entfernen.<\/p>\n<\/div>\n<\/div>\n<\/div>","protected":false},"excerpt":{"rendered":"<p>Datenschutz Angaben gem\u00e4\u00df \u00a7 5 TMG +233c Aaron Amankwaah Lindenallee 20 20259 Hamburg Vertreten durch die Gesch\u00e4ftsf\u00fchrer Aaron Amankwaah Kontakt Telefon: +49 176 64229602 E-Mail: aaron@233comfort.com Verantwortlich f\u00fcr den Inhalt nach \u00a7 55 Abs. 2 RStV +233c Aaron Amankwaah Lindenallee 20 20259 Hamburg Registergericht Amtsgericht Hamburg Altona Umsatzsteuer-ID Umsatzsteuer-Identifikationsnummer gem\u00e4\u00df \u00a727 a Umsatzsteuergesetz: USt-ID: DE336913535 [&hellip;]<\/p>","protected":false},"author":2,"featured_media":0,"parent":0,"menu_order":0,"comment_status":"closed","ping_status":"closed","template":"","meta":{"inline_featured_image":false,"footnotes":""},"class_list":["post-951","page","type-page","status-publish","hentry"],"yoast_head":"<!-- This site is optimized with the Yoast SEO plugin v25.0 - https:\/\/yoast.com\/wordpress\/plugins\/seo\/ -->\n<title>+233c Agency | Datenschutz<\/title>\n<meta name=\"description\" content=\"Hier gibt es alles Informationen \u00fcber +233c Datenschutzpraktiken und wie wir Daten sch\u00fctzen.\" \/>\n<meta name=\"robots\" content=\"index, follow, max-snippet:-1, max-image-preview:large, max-video-preview:-1\" \/>\n<link rel=\"canonical\" href=\"https:\/\/233c.agency\/de\/datenschutz\/\" \/>\n<meta property=\"og:locale\" content=\"de_DE\" \/>\n<meta property=\"og:type\" content=\"article\" \/>\n<meta property=\"og:title\" content=\"+233c Agency | Datenschutz\" \/>\n<meta property=\"og:description\" content=\"Hier gibt es alles Informationen \u00fcber +233c Datenschutzpraktiken und wie wir Daten sch\u00fctzen.\" \/>\n<meta property=\"og:url\" content=\"https:\/\/233c.agency\/de\/datenschutz\/\" \/>\n<meta property=\"og:site_name\" content=\"+233c Agency\" \/>\n<meta property=\"article:publisher\" content=\"https:\/\/www.linkedin.com\/company\/233cagency\/\" \/>\n<meta property=\"article:modified_time\" content=\"2024-11-26T23:31:57+00:00\" \/>\n<meta name=\"twitter:card\" content=\"summary_large_image\" \/>\n<meta name=\"twitter:label1\" content=\"Gesch\u00e4tzte Lesezeit\" \/>\n\t<meta name=\"twitter:data1\" content=\"2\u00a0Minuten\" \/>\n<script type=\"application\/ld+json\" class=\"yoast-schema-graph\">{\"@context\":\"https:\/\/schema.org\",\"@graph\":[{\"@type\":\"WebPage\",\"@id\":\"https:\/\/233c.agency\/datenschutz\/\",\"url\":\"https:\/\/233c.agency\/datenschutz\/\",\"name\":\"+233c Agency | Datenschutz\",\"isPartOf\":{\"@id\":\"https:\/\/233c.agency\/#website\"},\"datePublished\":\"2023-04-11T16:57:41+00:00\",\"dateModified\":\"2024-11-26T23:31:57+00:00\",\"description\":\"Hier gibt es alles Informationen \u00fcber +233c Datenschutzpraktiken und wie wir Daten sch\u00fctzen.\",\"breadcrumb\":{\"@id\":\"https:\/\/233c.agency\/datenschutz\/#breadcrumb\"},\"inLanguage\":\"de\",\"potentialAction\":[{\"@type\":\"ReadAction\",\"target\":[\"https:\/\/233c.agency\/datenschutz\/\"]}]},{\"@type\":\"BreadcrumbList\",\"@id\":\"https:\/\/233c.agency\/datenschutz\/#breadcrumb\",\"itemListElement\":[{\"@type\":\"ListItem\",\"position\":1,\"name\":\"Home\",\"item\":\"https:\/\/233c.agency\/\"},{\"@type\":\"ListItem\",\"position\":2,\"name\":\"Datenschutz\"}]},{\"@type\":\"WebSite\",\"@id\":\"https:\/\/233c.agency\/#website\",\"url\":\"https:\/\/233c.agency\/\",\"name\":\"+233c Agency\",\"description\":\"Culture Marketing Agentur Hamburg und Berlin\",\"publisher\":{\"@id\":\"https:\/\/233c.agency\/#organization\"},\"alternateName\":\"+233c Agency\",\"potentialAction\":[{\"@type\":\"SearchAction\",\"target\":{\"@type\":\"EntryPoint\",\"urlTemplate\":\"https:\/\/233c.agency\/?s={search_term_string}\"},\"query-input\":{\"@type\":\"PropertyValueSpecification\",\"valueRequired\":true,\"valueName\":\"search_term_string\"}}],\"inLanguage\":\"de\"},{\"@type\":\"Organization\",\"@id\":\"https:\/\/233c.agency\/#organization\",\"name\":\"+233c Agency\",\"url\":\"https:\/\/233c.agency\/\",\"logo\":{\"@type\":\"ImageObject\",\"inLanguage\":\"de\",\"@id\":\"https:\/\/233c.agency\/#\/schema\/logo\/image\/\",\"url\":\"https:\/\/233c.agency\/wp-content\/uploads\/233_COMFORT_LOGO_neu.svg\",\"contentUrl\":\"https:\/\/233c.agency\/wp-content\/uploads\/233_COMFORT_LOGO_neu.svg\",\"caption\":\"+233c Agency\"},\"image\":{\"@id\":\"https:\/\/233c.agency\/#\/schema\/logo\/image\/\"},\"sameAs\":[\"https:\/\/www.linkedin.com\/company\/233cagency\/\"]}]}<\/script>\n<!-- \/ Yoast SEO plugin. -->","yoast_head_json":{"title":"+233c Agency | Datenschutz","description":"Hier gibt es alles Informationen \u00fcber +233c Datenschutzpraktiken und wie wir Daten sch\u00fctzen.","robots":{"index":"index","follow":"follow","max-snippet":"max-snippet:-1","max-image-preview":"max-image-preview:large","max-video-preview":"max-video-preview:-1"},"canonical":"https:\/\/233c.agency\/de\/datenschutz\/","og_locale":"de_DE","og_type":"article","og_title":"+233c Agency | Datenschutz","og_description":"Hier gibt es alles Informationen \u00fcber +233c Datenschutzpraktiken und wie wir Daten sch\u00fctzen.","og_url":"https:\/\/233c.agency\/de\/datenschutz\/","og_site_name":"+233c Agency","article_publisher":"https:\/\/www.linkedin.com\/company\/233cagency\/","article_modified_time":"2024-11-26T23:31:57+00:00","twitter_card":"summary_large_image","twitter_misc":{"Gesch\u00e4tzte Lesezeit":"2\u00a0Minuten"},"schema":{"@context":"https:\/\/schema.org","@graph":[{"@type":"WebPage","@id":"https:\/\/233c.agency\/datenschutz\/","url":"https:\/\/233c.agency\/datenschutz\/","name":"+233c Agency | Datenschutz","isPartOf":{"@id":"https:\/\/233c.agency\/#website"},"datePublished":"2023-04-11T16:57:41+00:00","dateModified":"2024-11-26T23:31:57+00:00","description":"Hier gibt es alles Informationen \u00fcber +233c Datenschutzpraktiken und wie wir Daten sch\u00fctzen.","breadcrumb":{"@id":"https:\/\/233c.agency\/datenschutz\/#breadcrumb"},"inLanguage":"de","potentialAction":[{"@type":"ReadAction","target":["https:\/\/233c.agency\/datenschutz\/"]}]},{"@type":"BreadcrumbList","@id":"https:\/\/233c.agency\/datenschutz\/#breadcrumb","itemListElement":[{"@type":"ListItem","position":1,"name":"Home","item":"https:\/\/233c.agency\/"},{"@type":"ListItem","position":2,"name":"Datenschutz"}]},{"@type":"WebSite","@id":"https:\/\/233c.agency\/#website","url":"https:\/\/233c.agency\/","name":"+233c Agency","description":"Culture Marketing Agentur Hamburg und Berlin","publisher":{"@id":"https:\/\/233c.agency\/#organization"},"alternateName":"+233c Agency","potentialAction":[{"@type":"SearchAction","target":{"@type":"EntryPoint","urlTemplate":"https:\/\/233c.agency\/?s={search_term_string}"},"query-input":{"@type":"PropertyValueSpecification","valueRequired":true,"valueName":"search_term_string"}}],"inLanguage":"de"},{"@type":"Organization","@id":"https:\/\/233c.agency\/#organization","name":"+233c Agency","url":"https:\/\/233c.agency\/","logo":{"@type":"ImageObject","inLanguage":"de","@id":"https:\/\/233c.agency\/#\/schema\/logo\/image\/","url":"https:\/\/233c.agency\/wp-content\/uploads\/233_COMFORT_LOGO_neu.svg","contentUrl":"https:\/\/233c.agency\/wp-content\/uploads\/233_COMFORT_LOGO_neu.svg","caption":"+233c Agency"},"image":{"@id":"https:\/\/233c.agency\/#\/schema\/logo\/image\/"},"sameAs":["https:\/\/www.linkedin.com\/company\/233cagency\/"]}]}},"_links":{"self":[{"href":"https:\/\/233c.agency\/de\/wp-json\/wp\/v2\/pages\/951","targetHints":{"allow":["GET"]}}],"collection":[{"href":"https:\/\/233c.agency\/de\/wp-json\/wp\/v2\/pages"}],"about":[{"href":"https:\/\/233c.agency\/de\/wp-json\/wp\/v2\/types\/page"}],"author":[{"embeddable":true,"href":"https:\/\/233c.agency\/de\/wp-json\/wp\/v2\/users\/2"}],"replies":[{"embeddable":true,"href":"https:\/\/233c.agency\/de\/wp-json\/wp\/v2\/comments?post=951"}],"version-history":[{"count":7,"href":"https:\/\/233c.agency\/de\/wp-json\/wp\/v2\/pages\/951\/revisions"}],"predecessor-version":[{"id":3205,"href":"https:\/\/233c.agency\/de\/wp-json\/wp\/v2\/pages\/951\/revisions\/3205"}],"wp:attachment":[{"href":"https:\/\/233c.agency\/de\/wp-json\/wp\/v2\/media?parent=951"}],"curies":[{"name":"wp","href":"https:\/\/api.w.org\/{rel}","templated":true}]}}